{"id":51,"date":"2021-01-22T06:56:56","date_gmt":"2021-01-22T05:56:56","guid":{"rendered":"https:\/\/preprod.mister-europe-euronations.eu\/?page_id=51"},"modified":"2026-03-05T13:36:15","modified_gmt":"2026-03-05T12:36:15","slug":"contact","status":"publish","type":"page","link":"https:\/\/mister-europe-euronations.eu\/en\/contact","title":{"rendered":"Contact us"},"content":{"rendered":"\n<div class=\"wp-block-cover is-light cadredoree\"><span aria-hidden=\"true\" class=\"wp-block-cover__background has-background-dim-100 has-background-dim has-background-gradient\" style=\"background:linear-gradient(135deg,rgb(21,32,48) 26%,rgb(204,180,112) 98%)\"><\/span><div class=\"wp-block-cover__inner-container is-layout-flow wp-block-cover-is-layout-flow\">\n<p class=\"has-text-align-center\" style=\"font-size:21px\"><strong>POURQUOI UN PARTENARIAT AVEC<\/strong><br><strong>LE COMIT\u00c9 MISTER EUROPE EURONATIONS ?<\/strong><\/p>\n\n\n\n<div style=\"height:47px\" aria-hidden=\"true\" class=\"wp-block-spacer\"><\/div>\n\n\n\n<p class=\"has-text-align-center\"><strong>Un nouveau support<\/strong><\/p>\n\n\n\n<p class=\"maxmywidth\"><strong>MISTER EUROPE-EURONATIONS<\/strong> est un nouveau type de repr\u00e9sentant et donc un support sur lequel vous pourrez cr\u00e9er une nouvelle communication.<br>Par sa port\u00e9e europ\u00e9enne et son positionnement original, reposant sur un homme qui rassemble unanimement, vous pourrez v\u00e9hiculer vos messages de fa\u00e7on ad\u00e9quate et efficace !<br><br>Le concours international de <strong>MISTER EUROPE EURONATIONS <\/strong>est ouvert \u00e0 l\u2019ensemble des pays d\u2019Europe communautaire et g\u00e9ographique. Il pourra en outre ponctuellement accueillir des candidats d\u2019autres pays, invit\u00e9s par son<strong> Comit\u00e9 organisateur<\/strong>.<\/p>\n\n\n\n<div style=\"height:47px\" aria-hidden=\"true\" class=\"wp-block-spacer\"><\/div>\n\n\n\n<p class=\"has-text-align-center\"><br><strong>Un r\u00f4le prestigieux<\/strong><\/p>\n\n\n\n<p class=\"maxmywidth\">L\u2019homme qui sera \u00e9lu MISTER EUROPE EURONATIONS par le jury et par le public pour repr\u00e9senter les valeurs europ\u00e9ennes sera per\u00e7u comme un mod\u00e8le de l\u2019<strong>homme de demain<\/strong>.<br>Il sera de ce fait amen\u00e9 \u00e0 pr\u00eater son image lors d\u2019\u00e9v\u00e9nements d\u2019int\u00e9r\u00eat public ou d\u2019actions destin\u00e9es a soutenir de grandes causes.<br><br>Que ce soit une <strong>entreprise<\/strong>, une <strong>association <\/strong>ou une <strong>institution<\/strong>, toutes les <strong>marques <\/strong>qui voudront <strong>valoriser leur image<\/strong> et \u00eatre repr\u00e9sent\u00e9es \u00e0 l\u2019international, dans les produits et services de consommation masculins et devenir une r\u00e9f\u00e9rence que ce soit dans le domaine du luxe, de la beaut\u00e9 et de la mode, de la haute technologie, pourront \u00eatre int\u00e9ress\u00e9es par une collaboration avec le Comit\u00e9 <strong>MISTER EUROPE EURONATIONS<\/strong>.<\/p>\n\n\n\n<div style=\"height:72px\" aria-hidden=\"true\" class=\"wp-block-spacer\"><\/div>\n\n\n\n<p class=\"has-text-align-center maxmywidth\"><br>Vous \u00eates int\u00e9ress\u00e9 ? Alors <a href=\"#contactus\" data-type=\"internal\" data-id=\"#contactus\"><strong>contactez-nous<\/strong>.<\/a><\/p>\n\n\n\n<div style=\"height:47px\" aria-hidden=\"true\" class=\"wp-block-spacer\"><\/div>\n<\/div><\/div>\n\n\n\n<div style=\"height:100px\" aria-hidden=\"true\" class=\"wp-block-spacer\"><\/div>\n\n\n\n<p class=\"has-text-align-center\" style=\"font-size:21px\"><strong>COMITE MISTER EUROPE EURONATIONS<\/strong><\/p>\n\n\n\n<div style=\"height:52px\" aria-hidden=\"true\" class=\"wp-block-spacer\"><\/div>\n\n\n\n<p class=\"has-text-align-center\" style=\"font-size:18px\">BP 82 \u2013 91152 Etampes<br> Cedex 02 \u2013 FRANCE<\/p>\n\n\n\n<p class=\"has-text-align-center has-medium-font-size\"><span style=\"color:#ccb470\" class=\"tadv-color\">info@mister-europe-euronations.eu<br><\/span>+33 (0)1 64 94 24 10<\/p>\n\n\n\n\n\n<div style=\"height:52px\" aria-hidden=\"true\" class=\"wp-block-spacer\"><\/div>\n\n\n\n<h2 class=\"wp-block-heading has-text-align-center\"><strong><span style=\"color:#0071a1\" class=\"tadv-color\"><strong>PR<strong>\u00c9<\/strong>SIDENTE &amp; FONDATRICE<\/strong><\/span><\/strong><\/h2>\n\n\n\n<div style=\"height:43px\" aria-hidden=\"true\" class=\"wp-block-spacer\"><\/div>\n\n\n\n<p class=\"has-text-align-center has-medium-font-size\"><span style=\"color:#ccb470\" class=\"tadv-color\">RACHEL QUESNEY<br><\/span><em>Pr\u00e9sidente &amp; Fondatrice<\/em><\/p>\n\n\n\n<div style=\"height:19px\" aria-hidden=\"true\" class=\"wp-block-spacer\"><\/div>\n\n\n\n<p class=\"has-text-align-center has-medium-font-size\"><span style=\"color:#ccb470\" class=\"tadv-color\">comite@mister-europe-euronations.eu<br><\/span>+33 (0) 6 98 92 43 21<\/p>\n\n\n\n<div style=\"height:52px\" aria-hidden=\"true\" class=\"wp-block-spacer\"><\/div>\n\n\n\n<hr class=\"wp-block-separator has-css-opacity\"\/>\n\n\n\n<div style=\"height:52px\" aria-hidden=\"true\" class=\"wp-block-spacer\"><\/div>\n\n\n\n<h2 class=\"wp-block-heading has-text-align-center\"><strong><span style=\"color:#0071a1\" class=\"tadv-color\">COMIT<strong>\u00c9<\/strong><\/span><\/strong><\/h2>\n\n\n\n<div style=\"height:52px\" aria-hidden=\"true\" class=\"wp-block-spacer\"><\/div>\n\n\n\n<p class=\"has-text-align-center has-medium-font-size\"><span style=\"color:#ccb470\" class=\"tadv-color\">JOS\u00c9 LARA<br><\/span><em>Coach<\/em><br><span style=\"color:#ccb470\" class=\"tadv-color\">jose.lara@mister-europe-euronations.eu<\/span><\/p>\n\n\n\n<div style=\"height:52px\" aria-hidden=\"true\" class=\"wp-block-spacer\"><\/div>\n\n\n\n<p class=\"has-text-align-center has-medium-font-size\"><span style=\"color:#ccb470\" class=\"tadv-color\">PATRICK MOYSE<br><\/span><em><em>Charg\u00e9 des relations publiques<\/em><\/em><br><span style=\"color:#ccb470\" class=\"tadv-color\">patrick.moyse@mister-europe-euronations.eu<\/span><\/p>\n\n\n\n<div style=\"height:52px\" aria-hidden=\"true\" class=\"wp-block-spacer\"><\/div>\n\n\n\n<p class=\"has-text-align-center has-medium-font-size\"><span style=\"color:#ccb470\" class=\"tadv-color\">Dominique Damien REHEL<br><\/span><em>Chor\u00e9graphe et metteur en sc\u00e8ne<\/em><br><span style=\"color:#ccb470\" class=\"tadv-color\">dominique.damien.rehel@mister-europe-euronations.eu<\/span><\/p>\n\n\n\n<div style=\"height:52px\" aria-hidden=\"true\" class=\"wp-block-spacer\"><\/div>\n\n\n\n<p class=\"has-text-align-center has-medium-font-size\"><span style=\"color:#ccb470\" class=\"tadv-color\">SYLVIE SOLER ELBAZ<br><\/span><em>Assistante<\/em><br><span style=\"color:#ccb470\" class=\"tadv-color\">sylvie.soler-elbaz@mister-europe-euronations.eu<\/span><\/p>\n\n\n\n<div style=\"height:52px\" aria-hidden=\"true\" class=\"wp-block-spacer\"><\/div>\n\n\n\n<hr class=\"wp-block-separator has-css-opacity\"\/>\n\n\n\n<div style=\"height:52px\" aria-hidden=\"true\" class=\"wp-block-spacer\"><\/div>\n\n\n\n<h2 class=\"wp-block-heading has-text-align-center\"><strong><span style=\"color:#0071a1\" class=\"tadv-color\"><strong>CO-PRODUCTION   T\u00c9L<strong>\u00c9<\/strong>VISUELLE<\/strong><\/span><\/strong><\/h2>\n\n\n\n<div style=\"height:52px\" aria-hidden=\"true\" class=\"wp-block-spacer\"><\/div>\n\n\n\n<p class=\"has-text-align-center has-medium-font-size\"><span style=\"color:#ccb470\" class=\"tadv-color\">JONATHAN TEBOUL<br><\/span><em>Directeur de production<\/em><br><em>NONSTOP PROD<\/em><br><span style=\"color:#ccb470\" class=\"tadv-color\">jonathan.teboul@mister-europe-euronations.eu<\/span><\/p>\n\n\n\n<div style=\"height:52px\" aria-hidden=\"true\" class=\"wp-block-spacer\"><\/div>\n\n\n\n<p class=\"has-text-align-center has-medium-font-size\"><span style=\"color:#ccb470\" class=\"tadv-color\">Ingrid FRANCHI<br><\/span><em>R\u00e9alisatrice &#8211; Charg\u00e9e de post production<\/em><br><span style=\"color:#ccb470\" class=\"tadv-color\">ingrid.franchil@mister-europe-euronations.eu<\/span><\/p>\n\n\n\n<div style=\"height:52px\" aria-hidden=\"true\" class=\"wp-block-spacer\"><\/div>\n\n\n\n<p class=\"has-text-align-center has-medium-font-size\"><span style=\"color:#ccb470\" class=\"tadv-color\">No\u00e9mie JEHANNE<br><\/span><em>Assistante r\u00e9alisatrice<\/em><br><span style=\"color:#ccb470\" class=\"tadv-color\">noemie.jehanne@mister-europe-euronations.eu<\/span><\/p>\n\n\n\n<div style=\"height:52px\" aria-hidden=\"true\" class=\"wp-block-spacer\"><\/div>\n\n\n\n<div style=\"height:52px\" aria-hidden=\"true\" class=\"wp-block-spacer\"><\/div>\n\n\n\n<hr class=\"wp-block-separator has-css-opacity\"\/>\n\n\n\n<div style=\"height:52px\" aria-hidden=\"true\" class=\"wp-block-spacer\"><\/div>\n\n\n\n<h2 class=\"wp-block-heading has-text-align-center\"><strong><span style=\"color:#0071a1\" class=\"tadv-color\"><strong>DIRECTION<\/strong><\/span><\/strong> <strong><span style=\"color:#0071a1\" class=\"tadv-color\">CR\u00c9ATIVE &amp; <\/span><\/strong><br><strong><span style=\"color:#0071a1\" class=\"tadv-color\">COMMUNICATION WEB<\/span><\/strong><\/h2>\n\n\n\n<div style=\"height:52px\" aria-hidden=\"true\" class=\"wp-block-spacer\"><\/div>\n\n\n\n<p class=\"has-text-align-center has-medium-font-size\"><span style=\"color:#ccb470\" class=\"tadv-color\">FABIEN de SILVESTRE<br><\/span><em>Webmaster<\/em><br><span style=\"color:#ccb470\" class=\"tadv-color\">fabien.de.silvestre@mister-europe-euronations.eu<\/span><\/p>\n\n\n\n<div style=\"height:52px\" aria-hidden=\"true\" class=\"wp-block-spacer\"><\/div>\n\n\n\n<p class=\"has-text-align-center has-medium-font-size\"><span style=\"color:#ccb470\" class=\"tadv-color\">ELSA QUESNEY<br><\/span><em>Community Manager<\/em><br><span style=\"color:#ccb470\" class=\"tadv-color\">elsa.quesney@mister-europe-euronations.eu<\/span><\/p>\n\n\n\n<div style=\"height:52px\" aria-hidden=\"true\" class=\"wp-block-spacer\"><\/div>\n\n\n\n<hr class=\"wp-block-separator has-css-opacity\"\/>\n\n\n\n<div style=\"height:52px\" aria-hidden=\"true\" class=\"wp-block-spacer\"><\/div>\n\n\n\n<h2 class=\"has-text-align-center wp-block-heading\"><strong><span style=\"color:#0071a1\" class=\"tadv-color\"><strong>Ambassadeurs<\/strong><\/span><\/strong><\/h2>\n\n\n\n<div style=\"height:52px\" aria-hidden=\"true\" class=\"wp-block-spacer\"><\/div>\n\n\n\n<p class=\"has-text-align-center has-medium-font-size\"><span style=\"color:#ccb470\" class=\"tadv-color\">JONAS ASSAAD<br><\/span><em>Mister Europe Euronations 2019<\/em><br><span style=\"color:#ccb470\" class=\"tadv-color\">jonas.assaad@mister-europe-euronations.eu<\/span><\/p>\n\n\n\n<div style=\"height:52px\" aria-hidden=\"true\" class=\"wp-block-spacer\"><\/div>\n\n\n\n<p class=\"has-text-align-center has-medium-font-size\"><span style=\"color:#ccb470\" class=\"tadv-color\">YANNICK W\u00c4FFLER<br><\/span><em><em>Mister Europe Euronations 2017<\/em><\/em><br><span style=\"color:#ccb470\" class=\"tadv-color\">yannick.waffler@mister-europe-euronations.eu<\/span><\/p>\n\n\n\n<div style=\"height:52px\" aria-hidden=\"true\" class=\"wp-block-spacer\"><\/div>\n\n\n\n<p class=\"has-text-align-center has-medium-font-size\"><span style=\"color:#ccb470\" class=\"tadv-color\">JO\u00c3O NUNO SILVA<br><\/span><em><em>Mister Europe Euronations 201<\/em><\/em>5<br><span style=\"color:#ccb470\" class=\"tadv-color\">joao.nuno@mister-europe-euronations.eu<\/span><\/p>\n\n\n\n<div style=\"height:52px\" aria-hidden=\"true\" class=\"wp-block-spacer\"><\/div>\n\n\n\n<p class=\"has-text-align-center has-medium-font-size\"><span style=\"color:#ccb470\" class=\"tadv-color\">MARCO BOSCOLO<br><\/span><em><em>Mister Europe Euronations 2013<\/em><\/em><br><span style=\"color:#ccb470\" class=\"tadv-color\">marco.boscolo@mister-europe-euronations.eu<\/span><\/p>\n\n\n\n<div style=\"height:52px\" aria-hidden=\"true\" class=\"wp-block-spacer\"><\/div>\n\n\n\n<hr class=\"wp-block-separator\"\/>\n\n\n\n<div style=\"height:90px\" aria-hidden=\"true\" class=\"wp-block-spacer\"><\/div>\n\n\n\n<h2 class=\"wp-block-heading has-text-align-center has-white-color has-text-color\" id=\"contactus\">Contactez-Nous<\/h2>\n\n\n\n<div style=\"height:100px\" aria-hidden=\"true\" class=\"wp-block-spacer\"><\/div>\n\n\n<div class=\"wpforms-container wpforms-container-full wpf-center\" id=\"wpforms-40\"><form id=\"wpforms-form-40\" class=\"wpforms-validate wpforms-form\" data-formid=\"40\" method=\"post\" enctype=\"multipart\/form-data\" action=\"\/en\/wp-json\/wp\/v2\/pages\/51\" data-token=\"49c169d2e85ae0dc71f7a8016177d1c1\" data-token-time=\"1776038546\"><noscript class=\"wpforms-error-noscript\">Please enable JavaScript in your browser to complete this form.<\/noscript><div class=\"wpforms-field-container\"><div id=\"wpforms-40-field_0-container\" class=\"wpforms-field wpforms-field-name\" data-field-id=\"0\"><label class=\"wpforms-field-label wpforms-label-hide\" for=\"wpforms-40-field_0\">Nom <span class=\"wpforms-required-label\">*<\/span><\/label><input type=\"text\" id=\"wpforms-40-field_0\" class=\"wpforms-field-large wpforms-field-required\" name=\"wpforms[fields][0]\" placeholder=\"Nom, Pr\u00e9nom\" required><\/div><div id=\"wpforms-40-field_3-container\" class=\"wpforms-field wpforms-field-name\" data-field-id=\"3\"><label class=\"wpforms-field-label wpforms-label-hide\" for=\"wpforms-40-field_3\">company <span class=\"wpforms-required-label\">*<\/span><\/label><input type=\"text\" id=\"wpforms-40-field_3\" class=\"wpforms-field-large wpforms-field-required\" name=\"wpforms[fields][3]\" placeholder=\"Media, Institution, Entreprise ...\" required><\/div><div id=\"wpforms-40-field_1-container\" class=\"wpforms-field wpforms-field-email\" data-field-id=\"1\"><label class=\"wpforms-field-label wpforms-label-hide\" for=\"wpforms-40-field_1\">E-mail <span class=\"wpforms-required-label\">*<\/span><\/label><input type=\"email\" id=\"wpforms-40-field_1\" class=\"wpforms-field-large wpforms-field-required\" name=\"wpforms[fields][1]\" placeholder=\"Adresse mail\" spellcheck=\"false\" required><\/div><div id=\"wpforms-40-field_2-container\" class=\"wpforms-field wpforms-field-textarea kformlabel\" data-field-id=\"2\"><label class=\"wpforms-field-label wpforms-label-hide\" for=\"wpforms-40-field_2\">Commentaire ou message <span class=\"wpforms-required-label\">*<\/span><\/label><textarea id=\"wpforms-40-field_2\" class=\"wpforms-field-medium wpforms-field-required\" name=\"wpforms[fields][2]\" placeholder=\"Commentaire ou message\" required><\/textarea><\/div><\/div><!-- .wpforms-field-container --><div class=\"wpforms-recaptcha-container wpforms-is-hcaptcha\" ><div class=\"h-captcha\" data-sitekey=\"4ea90ec1-89d0-4ca6-af1a-aa7b9f9e1770\"><\/div><input type=\"text\" name=\"g-recaptcha-hidden\" class=\"wpforms-recaptcha-hidden\" style=\"position:absolute!important;clip:rect(0,0,0,0)!important;height:1px!important;width:1px!important;border:0!important;overflow:hidden!important;padding:0!important;margin:0!important;\" data-rule-hcaptcha=\"1\"><\/div><div class=\"wpforms-submit-container\" ><input type=\"hidden\" name=\"wpforms[id]\" value=\"40\"><input type=\"hidden\" name=\"page_title\" value=\"\"><input type=\"hidden\" name=\"page_url\" value=\"https:\/\/mister-europe-euronations.eu\/en\/wp-json\/wp\/v2\/pages\/51\"><input type=\"hidden\" name=\"url_referer\" value=\"\"><button type=\"submit\" name=\"wpforms[submit]\" id=\"wpforms-submit-40\" class=\"wpforms-submit\" data-alt-text=\"Envoi...\" data-submit-text=\"Envoyer\" aria-live=\"assertive\" value=\"wpforms-submit\">Envoyer<\/button><\/div><\/form><\/div>  <!-- .wpforms-container -->\n\n\n\n<p><\/p>\n","protected":false},"excerpt":{"rendered":"<p>MISTER EUROPE EURONATIONS COMMITTEE BP 82 \u2013 91152 Etampes Cedex 02 \u2013 FRANCE info@mister-europe-euronations.eu+33 (0)1 64 94 24 10 PRESIDENT &amp; FOUNDER RACHEL QUESNEYPresident &amp; Founder comite@mister-europe-euronations.eu+33 (0) 6 98 92 43 21 COMMITTEE SAM GABBASHead of partnershipsStyling and presentation directorsam.gabbas@mister-europe-euronations.eu JOS\u00c9 LARACoachjose.lara@mister-europe-euronations.eu PATRICK MOYSEPublic Relationspatrick.moyse@mister-europe-euronations.eu Dominique Damien REHELChoregrapher and directordominique.damien.rehel@mister-europe-euronations.eu SYLVIE SOLER ELBAZAssistantsylvie.soler-elbaz@mister-europe-euronations.eu TELEVISUAL CO-PRODUCTION JONATHAN TEBOULProduction directorNONSTOP PRODjonathan.teboul@mister-europe-euronations.eu Ingrid FRANCHIDirector &#8211; Post production manageringrid.franchil@mister-europe-euronations.eu No\u00e9mie JEHANNEAssistant directornoemie.jehanne@mister-europe-euronations.eu CREATIVE DIRECTION &amp; WEB COMMUNICATION FABIEN de SILVESTREWebmasterfabien.de.silvestre@mister-europe-euronations.eu ELSA QUESNEYCommunity Managerelsa.quesney@mister-europe-euronations.eu Ambassadors JONAS ASSAADMister Europe Euronations 2019jonas.assaad@mister-europe-euronations.eu YANNICK W\u00c4FFLERMister Europe Euronations 2017yannick.waffler@mister-europe-euronations.eu JO\u00c3O NUNO SILVAMister Europe Euronations 2015joao.nuno@mister-europe-euronations.eu MARCO BOSCOLOMister Europe Euronations 2013marco.boscolo@mister-europe-euronations.eu Contactez-Nous<\/p>\n","protected":false},"author":9,"featured_media":0,"parent":0,"menu_order":0,"comment_status":"closed","ping_status":"closed","template":"","meta":{"footnotes":""},"class_list":["post-51","page","type-page","status-publish","hentry"],"_links":{"self":[{"href":"https:\/\/mister-europe-euronations.eu\/en\/wp-json\/wp\/v2\/pages\/51","targetHints":{"allow":["GET"]}}],"collection":[{"href":"https:\/\/mister-europe-euronations.eu\/en\/wp-json\/wp\/v2\/pages"}],"about":[{"href":"https:\/\/mister-europe-euronations.eu\/en\/wp-json\/wp\/v2\/types\/page"}],"author":[{"embeddable":true,"href":"https:\/\/mister-europe-euronations.eu\/en\/wp-json\/wp\/v2\/users\/9"}],"replies":[{"embeddable":true,"href":"https:\/\/mister-europe-euronations.eu\/en\/wp-json\/wp\/v2\/comments?post=51"}],"version-history":[{"count":53,"href":"https:\/\/mister-europe-euronations.eu\/en\/wp-json\/wp\/v2\/pages\/51\/revisions"}],"predecessor-version":[{"id":5812,"href":"https:\/\/mister-europe-euronations.eu\/en\/wp-json\/wp\/v2\/pages\/51\/revisions\/5812"}],"wp:attachment":[{"href":"https:\/\/mister-europe-euronations.eu\/en\/wp-json\/wp\/v2\/media?parent=51"}],"curies":[{"name":"wp","href":"https:\/\/api.w.org\/{rel}","templated":true}]}}