{"id":45,"date":"2021-01-22T06:56:56","date_gmt":"2021-01-22T05:56:56","guid":{"rendered":"https:\/\/preprod.mister-europe-euronations.eu\/?page_id=45"},"modified":"2025-03-10T12:16:22","modified_gmt":"2025-03-10T11:16:22","slug":"comite","status":"publish","type":"page","link":"https:\/\/mister-europe-euronations.eu\/en\/comite","title":{"rendered":"The Committee"},"content":{"rendered":"\n<div style=\"height:38px\" aria-hidden=\"true\" class=\"wp-block-spacer\"><\/div>\n\n\n\n<h1 class=\"wp-block-heading has-text-align-center\" id=\"rachel-quesney\" style=\"font-size:51px\"><strong>RACHEL QUESNEY<\/strong><\/h1>\n\n\n\n<div style=\"height:23px\" aria-hidden=\"true\" class=\"wp-block-spacer\"><\/div>\n\n\n\n<h2 class=\"wp-block-heading has-text-align-center\" id=\"la-presidente\" style=\"font-size:28px\"><strong>LA PRESIDENTE<\/strong><\/h2>\n\n\n\n<div style=\"height:35px\" aria-hidden=\"true\" class=\"wp-block-spacer\"><\/div>\n\n\n\n<p class=\"has-text-align-center\">Anciennement fondatrice du concept <strong>MISTER FRANCE<\/strong> cr\u00e9\u00e9 en 2001,<br>elle est la Pr\u00e9sidente du jeune Comit\u00e9 <strong>MISTER EUROPE-EURONATIONS<\/strong><br>et en tient les r\u00eanes depuis sa cr\u00e9ation, pour lui donner l\u2019impulsion n\u00e9cessaire \u00e0 sa m\u00e9diatisation et \u00e0 son essor l\u00e9gitime.<\/p>\n\n\n\n<div style=\"height:35px\" aria-hidden=\"true\" class=\"wp-block-spacer\"><\/div>\n\n\n\n<p class=\"has-text-align-center\"><strong>Elle veut donner au concept un impact digne de ce nom, ce qu\u2019elle rel\u00e8ve comme un d\u00e9fi \u00e0 mettre en place.<\/strong><\/p>\n\n\n\n<div style=\"height:53px\" aria-hidden=\"true\" class=\"wp-block-spacer\"><\/div>\n\n\n\n<div class=\"wp-block-media-text alignwide is-stacked-on-mobile is-vertically-aligned-center is-image-fill-element is-style-default cadredoree\"><figure class=\"wp-block-media-text__media\"><img loading=\"lazy\" decoding=\"async\" width=\"2385\" height=\"2560\" src=\"https:\/\/preprod.mister-europe-euronations.eu\/wp-content\/uploads\/2021\/01\/10-bis-1-scaled.jpg\" alt=\"Rachel\" class=\"wp-image-78 size-full\" style=\"object-position:50% 50%\" srcset=\"https:\/\/mister-europe-euronations.eu\/wp-content\/uploads\/2021\/01\/10-bis-1-scaled.jpg 2385w, https:\/\/mister-europe-euronations.eu\/wp-content\/uploads\/2021\/01\/10-bis-1-280x300.jpg 280w, https:\/\/mister-europe-euronations.eu\/wp-content\/uploads\/2021\/01\/10-bis-1-954x1024.jpg 954w, https:\/\/mister-europe-euronations.eu\/wp-content\/uploads\/2021\/01\/10-bis-1-768x824.jpg 768w, https:\/\/mister-europe-euronations.eu\/wp-content\/uploads\/2021\/01\/10-bis-1-1431x1536.jpg 1431w, https:\/\/mister-europe-euronations.eu\/wp-content\/uploads\/2021\/01\/10-bis-1-1908x2048.jpg 1908w, https:\/\/mister-europe-euronations.eu\/wp-content\/uploads\/2021\/01\/10-bis-1-1568x1683.jpg 1568w\" sizes=\"auto, (max-width: 2385px) 100vw, 2385px\" \/><\/figure><div class=\"wp-block-media-text__content\">\n<div style=\"height:91px\" aria-hidden=\"true\" class=\"wp-block-spacer\"><\/div>\n\n\n\n<p style=\"font-size:17px\">Elle est donc propri\u00e9taire en nom propre, de la marque <strong>MISTER EUROPE<\/strong> d\u00e9pos\u00e9e \u00e0 l\u2019INPI et d\u2019<strong>EUROPE-EURONATIONS<\/strong> d\u00e9pos\u00e9e \u00e0 l\u2019OHMI, pour l\u2019Europe Communautaire, ainsi que toutes leurs applications et d\u00e9riv\u00e9s, tant au niveau r\u00e9gional, qu\u2019europ\u00e9en et international, prot\u00e9g\u00e9s par des enregistrements \u00e0 la Propri\u00e9t\u00e9 industrielle de l\u2019OMPI, pour les pays sous la Convention de Madrid.<\/p>\n\n\n\n<p style=\"font-size:17px\">A l\u2019heure de la <strong>parit\u00e9<\/strong>, consciente de l\u2019\u00e9volution ind\u00e9niable des mentalit\u00e9s dans la perception de \u00ab <strong>l\u2019homme moderne<\/strong> \u00bb dans les domaines socioculturels, et convaincue par ce nouvel engouement qui se confirme et s\u2019amplifie au quotidien, elle se concentre sur ce projet novateur, en coh\u00e9rence avec son <strong>esprit cr\u00e9atif<\/strong>.<\/p>\n\n\n\n<p style=\"font-size:17px\">Parfaitement au fait des tendances contemporaines li\u00e9es \u00e0 l\u2019<strong>esth\u00e9tique<\/strong> et \u00e0 la <strong>mode internationale<\/strong>, rompue \u00e0 l\u2019analyse des ph\u00e9nom\u00e8nes de soci\u00e9t\u00e9 qui s\u2019y rapportent, elle a notamment \u00e9t\u00e9 une <strong>pionni\u00e8re <\/strong>en France, dans les techniques de \u00ab relooking \u00bb et devient Conseill\u00e8re du Pr\u00e9sident de la <strong>Compagnie de Formation<\/strong>, en 1999, pour le <strong>Groupe PIGIER\/Coiffure et Esth\u00e9tique<\/strong>.<\/p>\n\n\n\n<p style=\"font-size:17px\"><strong>Rachel <\/strong>ma\u00eetrise l\u2019art d\u2019\u00eatre et de para\u00eetre : A 22 ans \u00e0 peine, elle fonde une \u00e9cole de formation d\u2019h\u00f4tesses et de stewards.<br><br>Initiative qui rencontre un succ\u00e8s tel \u2013 <strong>pr\u00e8s de 800 \u00e9l\u00e8ves<\/strong> \u2013 qu\u2019elle en cr\u00e9era une deuxi\u00e8me, et en dirigera m\u00eame une troisi\u00e8me.<\/p>\n\n\n\n<p style=\"font-size:17px\">Ses capacit\u00e9s de repr\u00e9sentation sont d\u00e9j\u00e0 telles qu\u2019elle n\u2019est pas impressionn\u00e9e \u00e0 fr\u00e9quenter les stars du show-biz de l\u2019\u00e9poque, <strong>Salvador DALI<\/strong> en t\u00eate, aupr\u00e8s desquels elle \u00e9volue avec gr\u00e2ce et assurance, for\u00e7ant le respect.<\/p>\n\n\n\n<p style=\"font-size:17px\">Mais lass\u00e9e du syst\u00e8me, elle passe la main, pour couler des<strong> jours paisibles <\/strong>de jeune retrait\u00e9e.<\/p>\n\n\n\n<div style=\"height:60px\" aria-hidden=\"true\" class=\"wp-block-spacer\"><\/div>\n<\/div><\/div>\n\n\n\n<div style=\"height:109px\" aria-hidden=\"true\" class=\"wp-block-spacer\"><\/div>\n\n\n\n<p><\/p>\n","protected":false},"excerpt":{"rendered":"<p>RACHEL QUESNEY THE PRESIDENT Former founder of the MISTER FRANCE concept created in 2001,she is the President of the young MISTER EUROPE-EURONATIONS Committeeand has held the reins since its creation, to give it the necessary drivefor its media coverage and its legitimate development. She wants to give an impact to the concept worthy of it&#8217;s name, which she takes up as a challenge to set up.<\/p>\n","protected":false},"author":9,"featured_media":0,"parent":0,"menu_order":0,"comment_status":"closed","ping_status":"closed","template":"","meta":{"footnotes":""},"class_list":["post-45","page","type-page","status-publish","hentry"],"_links":{"self":[{"href":"https:\/\/mister-europe-euronations.eu\/en\/wp-json\/wp\/v2\/pages\/45","targetHints":{"allow":["GET"]}}],"collection":[{"href":"https:\/\/mister-europe-euronations.eu\/en\/wp-json\/wp\/v2\/pages"}],"about":[{"href":"https:\/\/mister-europe-euronations.eu\/en\/wp-json\/wp\/v2\/types\/page"}],"author":[{"embeddable":true,"href":"https:\/\/mister-europe-euronations.eu\/en\/wp-json\/wp\/v2\/users\/9"}],"replies":[{"embeddable":true,"href":"https:\/\/mister-europe-euronations.eu\/en\/wp-json\/wp\/v2\/comments?post=45"}],"version-history":[{"count":93,"href":"https:\/\/mister-europe-euronations.eu\/en\/wp-json\/wp\/v2\/pages\/45\/revisions"}],"predecessor-version":[{"id":5620,"href":"https:\/\/mister-europe-euronations.eu\/en\/wp-json\/wp\/v2\/pages\/45\/revisions\/5620"}],"wp:attachment":[{"href":"https:\/\/mister-europe-euronations.eu\/en\/wp-json\/wp\/v2\/media?parent=45"}],"curies":[{"name":"wp","href":"https:\/\/api.w.org\/{rel}","templated":true}]}}