{"id":259,"date":"2021-02-05T14:17:26","date_gmt":"2021-02-05T13:17:26","guid":{"rendered":"https:\/\/preprod.mister-europe-euronations.eu\/?page_id=259"},"modified":"2022-06-28T10:59:46","modified_gmt":"2022-06-28T09:59:46","slug":"laureats","status":"publish","type":"page","link":"https:\/\/mister-europe-euronations.eu\/en\/laureats","title":{"rendered":"Ambassadors"},"content":{"rendered":"\n<div style=\"height:67px\" aria-hidden=\"true\" class=\"wp-block-spacer\"><\/div>\n\n\n\n<h2 class=\"has-text-align-center europecolor wp-block-heading\">MISTER EUROPE EURONATIONS<br><strong><span style=\"color:#0071a1\" class=\"tadv-color\"><br><\/span><\/strong><span style=\"color:#0071a1\" class=\"tadv-color\">est beau, \u00e9videmment, mais il est aussi bien plus&#8230;<\/span><\/h2>\n\n\n\n<div style=\"height:67px\" aria-hidden=\"true\" class=\"wp-block-spacer\"><\/div>\n\n\n\n<figure class=\"wp-block-pullquote is-style-solid-color forcetexteright\"><blockquote><p><em>C\u2019est l\u2019homme que les <\/em><strong>filles r\u00eavent d\u2019\u00e9pouser<\/strong><em>,<\/em><\/p><p><em>que les parents r\u00eavent d\u2019avoir<\/em><br><em>comme fils ou comme gendre.<\/em><\/p><\/blockquote><\/figure>\n\n\n\n<h3 class=\"has-text-align-center wp-block-heading\">C\u2019est une <strong>personnalit\u00e9<\/strong>, un <strong>caract\u00e8re<\/strong>,<br>un <strong>charisme<\/strong>, un <strong>sourire<\/strong>,<br>un <strong>regard<\/strong>, une <strong>volont\u00e9<\/strong> envo\u00fbtante<br>qui <strong>embarquent <\/strong>tous ceux et<br>toutes celles qui le croisent.<\/h3>\n\n\n\n<div style=\"height:60px\" aria-hidden=\"true\" class=\"wp-block-spacer\"><\/div>\n\n\n\n<h3 class=\"has-text-align-center wp-block-heading\"><strong>MISTER EUROPE-EURONATIONS<\/strong><br>est un homme qu\u2019on a envie de conna\u00eetre,<br>qu\u2019on a envie de c\u00f4toyer, par plaisir,<br>car il est <strong>sympathique <\/strong>et <strong>agr\u00e9able<\/strong>,<br>et pour apprendre \u00e0 son contact,<br>car il est <strong>int\u00e9ressant<\/strong>.<\/h3>\n\n\n\n<div style=\"height:62px\" aria-hidden=\"true\" class=\"wp-block-spacer\"><\/div>\n\n\n\n<figure class=\"wp-block-pullquote is-style-solid-color\"><blockquote><p>V\u00e9ritable <strong>Ambassadeur<\/strong>, il applique son charisme,<br>son \u00e9l\u00e9gance, son humour et sa g\u00e9n\u00e9rosit\u00e9 \u00e0 sa<br>mission de <strong>repr\u00e9sentant de l&#8217;\u00e9l\u00e9gance Europ\u00e9enne.<\/strong><\/p><\/blockquote><\/figure>\n\n\n\n<figure class=\"wp-block-pullquote is-style-solid-color forcetexteright\"><blockquote><p><strong>Le Comit\u00e9 MISTER EUROPE EURONATIONS<\/strong><br>a pour ambition d\u2019accompagner<br><strong>MISTER EUROPE EURONATIONS<\/strong><br>dans sa propre r\u00e9alisation.<br>Il y emploiera son <strong>r\u00e9seau<\/strong> et son <strong>expertise<\/strong><br>pour lui apporter un soutien <strong>technique<\/strong>,<br><strong>strat\u00e9gique <\/strong>et <strong>financier<\/strong>.<\/p><\/blockquote><\/figure>\n\n\n\n<div style=\"height:66px\" aria-hidden=\"true\" class=\"wp-block-spacer\"><\/div>\n\n\n\n<div style=\"height:31px\" aria-hidden=\"true\" class=\"wp-block-spacer\"><\/div>\n\n\n\n<div style=\"height:30px\" aria-hidden=\"true\" class=\"wp-block-spacer\"><\/div>\n\n\n\n<div class=\"wp-block-group\"><div class=\"wp-block-group__inner-container is-layout-flow wp-block-group-is-layout-flow\">\n<h2 class=\"has-text-align-center has-white-color has-text-color wp-block-heading\" style=\"font-size:38px\"><strong>Le Concept MISTER EUROPE EURONATIONS<\/strong><br>L\u2019EUROPE, UNE NATION\u2026<\/h2>\n\n\n\n<div style=\"height:67px\" aria-hidden=\"true\" class=\"wp-block-spacer\"><\/div>\n\n\n\n<div class=\"wp-block-columns are-vertically-aligned-center is-layout-flex wp-container-core-columns-is-layout-9d6595d7 wp-block-columns-is-layout-flex\">\n<div class=\"wp-block-column is-vertically-aligned-center is-layout-flow wp-block-column-is-layout-flow\">\n<p class=\"has-text-align-right\" style=\"font-size:18px\">Lorsque chacun se reconnait dans les id\u00e9es de ses concitoyens,<br>une nation est n\u00e9e. <strong>Le Comit\u00e9 MISTER EUROPE-EURONATIONS<\/strong><br>souhaite participer \u00e0 la naissance de l\u2019<strong>Europe-nation<\/strong><br>en \u00e9lisant l\u2019<strong>homme d\u2019exception<\/strong> qui l\u2019incarnera.<\/p>\n<\/div>\n\n\n\n<div class=\"wp-block-column is-vertically-aligned-center is-layout-flow wp-block-column-is-layout-flow\">\n<p style=\"font-size:18px\">Car l\u2019<strong>Europe<\/strong> est une des plus vastes r\u00e9gions du monde,<br>riche d\u2019une \u00e9tonnante <strong>diversit\u00e9<\/strong>, d\u2019une <strong>histoire sans \u00e9quivalent<\/strong>,<br>d\u2019une <strong>culture incomparable<\/strong> et qui vit en ce moment l\u2019un des \u00e9pisodes<br>les plus importants de son existence : <strong>Sa naissance en tant que nation<\/strong>.<\/p>\n<\/div>\n<\/div>\n<\/div><\/div>\n\n\n\n<div style=\"height:127px\" aria-hidden=\"true\" class=\"wp-block-spacer\"><\/div>\n\n\n\n<h3 class=\"has-text-align-center wp-block-heading\" style=\"font-size:21px\">Parce que l\u2019Europe rassemble plus de <strong>700 millions d\u2019europ\u00e9ens<\/strong><br>dans plus de <strong>50 pays<\/strong>, il nous a sembl\u00e9 naturel de donner<br>un <strong>visage <\/strong>et un <strong>corps d\u2019homme<\/strong> \u00e0 ce lien qui unit tant d&#8217;individus.<br>Ce visage et ce corps sont ceux de <strong>MISTER EUROPE EURONATIONS<\/strong>,<br>\u00e9lu \u00e0 travers le <strong>premier concours masculin europ\u00e9en de beaut\u00e9<\/strong>\u2026<\/h3>\n\n\n\n<div style=\"height:45px\" aria-hidden=\"true\" class=\"wp-block-spacer\"><\/div>\n\n\n\n<h3 class=\"has-text-align-center wp-block-heading\">&nbsp;Mais pas seulement&nbsp;\u2026&nbsp;<\/h3>\n\n\n\n<div style=\"height:41px\" aria-hidden=\"true\" class=\"wp-block-spacer\"><\/div>\n\n\n\n<h3 class=\"has-text-align-center wp-block-heading\" style=\"font-size:21px\">La <strong>tendance <\/strong>est <strong>claire <\/strong>et <strong>unanime<\/strong>, tant dans la <strong>presse <\/strong>que dans la <strong>publicit\u00e9<\/strong>,<br>les <strong>mentalit\u00e9s <\/strong>ont chang\u00e9 et l\u2019\u00e9volution des besoins de consommation de la <strong>gent masculine<\/strong><br>prend des proportions consid\u00e9rables depuis le <strong>nouveau mill\u00e9naire<\/strong> !<\/h3>\n\n\n\n<div style=\"height:77px\" aria-hidden=\"true\" class=\"wp-block-spacer\"><\/div>\n\n\n\n<h5 class=\"has-text-align-center wp-block-heading\" style=\"font-size:19px\">Forts de notre <strong>exp\u00e9rience <\/strong>et de notre <strong>expertise<\/strong> en mati\u00e8re d\u2019<strong>organisation de concours et d&#8217;\u00e9v\u00e9nementiels,<\/strong><br>nous portons aujourd\u2019hui \u00e0 l\u2019\u00e9chelle de <strong>l\u2019Europe<\/strong> ce<strong> prestigieux concours de beaut\u00e9 et d\u2019\u00e9l\u00e9gance masculine<\/strong><\/h5>\n\n\n\n<div style=\"height:77px\" aria-hidden=\"true\" class=\"wp-block-spacer\"><\/div>\n\n\n\n<hr class=\"wp-block-separator has-text-color has-css-opacity has-background is-style-default\" style=\"background-color:#ccb470;color:#ccb470\"\/>\n\n\n\n<div style=\"height:77px\" aria-hidden=\"true\" class=\"wp-block-spacer\"><\/div>\n\n\n\n<h3 class=\"has-text-align-center wp-block-heading\">Laur\u00e9ats des pr\u00e9c\u00e9dentes \u00e9ditions de<\/h3>\n\n\n\n<div style=\"height:32px\" aria-hidden=\"true\" class=\"wp-block-spacer\"><\/div>\n\n\n\n<h2 class=\"has-text-align-center europecolor wp-block-heading\">MISTER EUROPE EURONATIONS<\/h2>\n\n\n\n<h2 class=\"has-text-align-center europecolor wp-block-heading\"><strong><span style=\"color:#0071a1\" class=\"tadv-color\"><br><\/span><\/strong><span style=\"color:#0071a1\" class=\"tadv-color\">Vos Ambassadeurs<\/span><\/h2>\n\n\n\n<div style=\"height:77px\" aria-hidden=\"true\" class=\"wp-block-spacer\"><\/div>\n\n\n\n<div class=\"wp-block-columns is-layout-flex wp-container-core-columns-is-layout-9d6595d7 wp-block-columns-is-layout-flex\">\n<div class=\"wp-block-column is-layout-flow wp-block-column-is-layout-flow\">\n<\/div>\n\n\n\n<div class=\"wp-block-column is-layout-flow wp-block-column-is-layout-flow\">\n<\/div>\n<\/div>\n\n\n\n<div class=\"wp-block-group\"><div class=\"wp-block-group__inner-container is-layout-flow wp-block-group-is-layout-flow\">\n<div class=\"wp-block-columns is-layout-flex wp-container-core-columns-is-layout-9d6595d7 wp-block-columns-is-layout-flex\">\n<div class=\"wp-block-column is-vertically-aligned-center is-layout-flow wp-block-column-is-layout-flow\">\n<\/div>\n\n\n\n<div class=\"wp-block-column is-layout-flow wp-block-column-is-layout-flow\">\n<\/div>\n<\/div>\n\n\n\n<div class=\"wp-block-columns is-layout-flex wp-container-core-columns-is-layout-9d6595d7 wp-block-columns-is-layout-flex\">\n<div class=\"wp-block-column is-vertically-aligned-center is-layout-flow wp-block-column-is-layout-flow\">\n<\/div>\n\n\n\n<div class=\"wp-block-column is-vertically-aligned-center is-layout-flow wp-block-column-is-layout-flow\">\n<\/div>\n<\/div>\n\n\n\n<div class=\"wp-block-columns is-layout-flex wp-container-core-columns-is-layout-9d6595d7 wp-block-columns-is-layout-flex\">\n<div class=\"wp-block-column is-vertically-aligned-center is-layout-flow wp-block-column-is-layout-flow\">\n<\/div>\n\n\n\n<div class=\"wp-block-column is-layout-flow wp-block-column-is-layout-flow\">\n<\/div>\n<\/div>\n\n\n\n<div class=\"wp-block-columns is-layout-flex wp-container-core-columns-is-layout-9d6595d7 wp-block-columns-is-layout-flex\">\n<div class=\"wp-block-column is-vertically-aligned-center is-layout-flow wp-block-column-is-layout-flow\">\n<\/div>\n\n\n\n<div class=\"wp-block-column is-vertically-aligned-center is-layout-flow wp-block-column-is-layout-flow\">\n<\/div>\n<\/div>\n<\/div><\/div>\n\n\n\n<p><\/p>\n\n\n\n<div style=\"height:77px\" aria-hidden=\"true\" class=\"wp-block-spacer\"><\/div>\n\n\n\n<div style=\"height:35px\" aria-hidden=\"true\" class=\"wp-block-spacer\"><\/div>\n\n\n\n<hr class=\"wp-block-separator has-css-opacity is-style-default\"\/>\n\n\n\n<div style=\"height:32px\" aria-hidden=\"true\" class=\"wp-block-spacer\"><\/div>\n","protected":false},"excerpt":{"rendered":"<p>MISTER EUROPE EURONATIONSis handsome, of course, but he is also much more&#8230; He is the man that the girls dream to marry, the parents dream to have as son or as son-in-law. He&#8217;s a mesmerizing personality, a character,charisma, a smile,a look , a will captivating which enchants all those who meet it. MISTER EUROPE-EURONATIONS is a man one wants to know,, one wants to meet, by pleasure, because he is nice and pleasant, and to be taught at his contact, because he is interesting. True Ambassador, he applies his charisma, elegance, humor and generosity to his missionof representative of European elegance. The MISTER EUROPE EURONATIONS Committee aims to support MISTER EUROPE EURONATIONS in he&#8217; own carreer. It will use its network and expertiseto provide him with technical, strategic and financial support. The MISTER EUROPE EURONATIONS ConceptEUROPE, ONE NATION\u2026 When everyone recognizes themselves in the ideas of their fellow citizens, a nation is born.The MISTER EUROPE-EURONATIONS Committee wishes to participate in the birth of the Europe-nation by electing the exceptional man who will embody him. Because Europe is one of the largest regions in the world, rich in amazing diversity , with a unparalleled history , of a culture incomparable and which is currently going through one of the most important episodes of its existence: Its birth as a nation. Because Europe has more than 700 million of Europeans in more than 50 countries , it seemed natural to us to give a face and a man body to this bond which unites so many individuals. This face and this bodies are those of MISTER EUROPE EURONATIONS , elected through the first European Male beauty competition\u2026 &nbsp;But there&#8217;s more &#8230; The trend is clear and unanimous , both in the press and in advertising , the mentalities have changed and the evolving consumer needs of the masculine gent has assumed considerable proportions since the new millennium ! Based on our experience and our expertise in organization of competitions and events, we today bring to Europe this prestigious beauty and elegance contest masculine Winners of previous editions of MISTER EUROPE EURONATIONS Your Ambassadors<\/p>\n","protected":false},"author":9,"featured_media":0,"parent":0,"menu_order":0,"comment_status":"closed","ping_status":"closed","template":"","meta":{"footnotes":""},"class_list":["post-259","page","type-page","status-publish","hentry"],"_links":{"self":[{"href":"https:\/\/mister-europe-euronations.eu\/en\/wp-json\/wp\/v2\/pages\/259","targetHints":{"allow":["GET"]}}],"collection":[{"href":"https:\/\/mister-europe-euronations.eu\/en\/wp-json\/wp\/v2\/pages"}],"about":[{"href":"https:\/\/mister-europe-euronations.eu\/en\/wp-json\/wp\/v2\/types\/page"}],"author":[{"embeddable":true,"href":"https:\/\/mister-europe-euronations.eu\/en\/wp-json\/wp\/v2\/users\/9"}],"replies":[{"embeddable":true,"href":"https:\/\/mister-europe-euronations.eu\/en\/wp-json\/wp\/v2\/comments?post=259"}],"version-history":[{"count":17,"href":"https:\/\/mister-europe-euronations.eu\/en\/wp-json\/wp\/v2\/pages\/259\/revisions"}],"predecessor-version":[{"id":5424,"href":"https:\/\/mister-europe-euronations.eu\/en\/wp-json\/wp\/v2\/pages\/259\/revisions\/5424"}],"wp:attachment":[{"href":"https:\/\/mister-europe-euronations.eu\/en\/wp-json\/wp\/v2\/media?parent=259"}],"curies":[{"name":"wp","href":"https:\/\/api.w.org\/{rel}","templated":true}]}}